{"id":1087,"date":"2018-02-06T11:56:24","date_gmt":"2018-02-06T10:56:24","guid":{"rendered":"https:\/\/cameltank.fr\/page-d-exemple\/"},"modified":"2025-02-20T11:00:07","modified_gmt":"2025-02-20T10:00:07","slug":"page-d-exemple","status":"publish","type":"page","link":"https:\/\/cameltank.fr\/en\/","title":{"rendered":"Bientot"},"content":{"rendered":"<p>[et_pb_section fb_built=&#8221;1&#8243; _builder_version=&#8221;4.16&#8243; background_image=&#8221;https:\/\/cameltank.fr\/wp-content\/uploads\/2025\/02\/accueil-scaled.jpg&#8221; custom_margin=&#8221;||0px||false|false&#8221; custom_padding=&#8221;||789px||false|false&#8221; global_colors_info=&#8221;{}&#8221;][et_pb_row _builder_version=&#8221;4.16&#8243; background_color=&#8221;rgba(255,255,255,0.74)&#8221; background_size=&#8221;initial&#8221; background_position=&#8221;top_left&#8221; background_repeat=&#8221;repeat&#8221; custom_margin=&#8221;162px||||false|false&#8221; custom_padding=&#8221;10px||||false|false&#8221; border_radii=&#8221;on|30px|30px|30px|30px&#8221; global_colors_info=&#8221;{}&#8221;][et_pb_column type=&#8221;4_4&#8243; _builder_version=&#8221;4.16&#8243; custom_padding=&#8221;|||&#8221; global_colors_info=&#8221;{}&#8221; custom_padding__hover=&#8221;|||&#8221;][et_pb_text _builder_version=&#8221;4.27.4&#8243; _module_preset=&#8221;default&#8221; text_text_color=&#8221;#1c3540&#8243; text_font_size=&#8221;24px&#8221; header_text_align=&#8221;center&#8221; hover_enabled=&#8221;0&#8243; global_colors_info=&#8221;{}&#8221; sticky_enabled=&#8221;0&#8243;]<\/p>\n<p dir=\"auto\" style=\"text-align: center;\"><strong>Nous avons le plaisir de vous informer que la marque Cameltank fait d\u00e9sormais partie int\u00e9grante du groupe Sunnik.<\/strong><\/p>\n<p dir=\"auto\" style=\"text-align: center;\"><strong>Sunnik est un fabricant de r\u00e9servoirs modulaires en GRP et HDG depuis 1984 : <a href=\"http:\/\/www.sunnik.net\/\">www.sunnik.net<\/a><\/strong><\/p>\n<p dir=\"auto\" style=\"text-align: center;\"><strong>Pour toutes vos demandes, veuillez contacter : <a href=\"mailto:sales.eu@sunnik.com.my\">sales.eu@sunnik.com.my<\/a><\/strong><\/p>\n<p dir=\"auto\" style=\"text-align: center;\"><span style=\"color: #333333;\">_________<\/span><\/p>\n<p dir=\"auto\" style=\"text-align: center;\"><strong>We are pleased to inform you that the Cameltank brand is now an integral part of the Sunnik Group.<\/strong><\/p>\n<p dir=\"auto\" style=\"text-align: center;\"><strong>Sunnik has been a manufacturer of modular GRP and HDG tanks since 1984: <a href=\"http:\/\/www.sunnik.net\/\">www.sunnik.net<\/a><\/strong><\/p>\n<p dir=\"auto\" style=\"text-align: center;\"><strong>For all your inquiries, please contact: <a href=\"mailto:sales.eu@sunnik.com.my\">sales.eu@sunnik.com.my<\/a><\/strong><\/p>\n<p>[\/et_pb_text][\/et_pb_column][\/et_pb_row][\/et_pb_section]<\/p>\n","protected":false},"excerpt":{"rendered":"<p>Nous avons le plaisir de vous informer que la marque Cameltank fait d\u00e9sormais partie int\u00e9grante du groupe Sunnik. Sunnik est un fabricant de r\u00e9servoirs modulaires en GRP et HDG depuis 1984 : www.sunnik.net Pour toutes vos demandes, veuillez contacter : sales.eu@sunnik.com.my _________ We are pleased to inform you that the Cameltank brand is now an [&hellip;]<\/p>\n","protected":false},"author":1,"featured_media":1075,"parent":0,"menu_order":0,"comment_status":"closed","ping_status":"closed","template":"page-template-blank.php","meta":{"_et_pb_use_builder":"on","_et_pb_old_content":"","_et_gb_content_width":""},"_links":{"self":[{"href":"https:\/\/cameltank.fr\/en\/wp-json\/wp\/v2\/pages\/1087"}],"collection":[{"href":"https:\/\/cameltank.fr\/en\/wp-json\/wp\/v2\/pages"}],"about":[{"href":"https:\/\/cameltank.fr\/en\/wp-json\/wp\/v2\/types\/page"}],"author":[{"embeddable":true,"href":"https:\/\/cameltank.fr\/en\/wp-json\/wp\/v2\/users\/1"}],"replies":[{"embeddable":true,"href":"https:\/\/cameltank.fr\/en\/wp-json\/wp\/v2\/comments?post=1087"}],"version-history":[{"count":5,"href":"https:\/\/cameltank.fr\/en\/wp-json\/wp\/v2\/pages\/1087\/revisions"}],"predecessor-version":[{"id":1101,"href":"https:\/\/cameltank.fr\/en\/wp-json\/wp\/v2\/pages\/1087\/revisions\/1101"}],"wp:featuredmedia":[{"embeddable":true,"href":"https:\/\/cameltank.fr\/en\/wp-json\/wp\/v2\/media\/1075"}],"wp:attachment":[{"href":"https:\/\/cameltank.fr\/en\/wp-json\/wp\/v2\/media?parent=1087"}],"curies":[{"name":"wp","href":"https:\/\/api.w.org\/{rel}","templated":true}]}}